{"id":1437,"date":"2025-06-04T17:26:08","date_gmt":"2025-06-04T17:26:08","guid":{"rendered":"https:\/\/myluxride.de\/?page_id=1437"},"modified":"2026-02-23T10:47:17","modified_gmt":"2026-02-23T10:47:17","slug":"impressum","status":"publish","type":"page","link":"https:\/\/myluxride.de\/en\/impressum\/","title":{"rendered":"imprint"},"content":{"rendered":"\t\t<div data-elementor-type=\"wp-page\" data-elementor-id=\"1437\" class=\"elementor elementor-1437\">\n\t\t\t\t<div class=\"elementor-element elementor-element-78349ad e-flex e-con-boxed e-con e-parent\" data-id=\"78349ad\" data-element_type=\"container\" data-e-type=\"container\" data-settings=\"{&quot;background_background&quot;:&quot;classic&quot;}\">\n\t\t\t\t\t<div class=\"e-con-inner\">\n\t\t<div class=\"elementor-element elementor-element-578fee1 e-con-full e-flex e-con e-child\" data-id=\"578fee1\" data-element_type=\"container\" data-e-type=\"container\">\n\t\t\t\t<div class=\"elementor-element elementor-element-16d8ee5 elementor-widget elementor-widget-heading\" data-id=\"16d8ee5\" data-element_type=\"widget\" data-e-type=\"widget\" data-widget_type=\"heading.default\">\n\t\t\t\t<div class=\"elementor-widget-container\">\n\t\t\t\t\t<h1 class=\"elementor-heading-title elementor-size-default\">IMPRESSUM<\/h1>\t\t\t\t<\/div>\n\t\t\t\t<\/div>\n\t\t\t\t<\/div>\n\t\t\t\t\t<\/div>\n\t\t\t\t<\/div>\n\t\t<div class=\"elementor-element elementor-element-a61889b e-flex e-con-boxed e-con e-parent\" data-id=\"a61889b\" data-element_type=\"container\" data-e-type=\"container\">\n\t\t\t\t\t<div class=\"e-con-inner\">\n\t\t<div class=\"elementor-element elementor-element-5595b5a e-con-full e-flex e-con e-child\" data-id=\"5595b5a\" data-element_type=\"container\" data-e-type=\"container\">\n\t\t\t\t<div class=\"elementor-element elementor-element-789ea40 elementor-widget elementor-widget-heading\" data-id=\"789ea40\" data-element_type=\"widget\" data-e-type=\"widget\" data-widget_type=\"heading.default\">\n\t\t\t\t<div class=\"elementor-widget-container\">\n\t\t\t\t\t<h2 class=\"elementor-heading-title elementor-size-default\">Impressum\nAngaben gem\u00e4\u00df \u00a7 5 TMG<\/h2>\t\t\t\t<\/div>\n\t\t\t\t<\/div>\n\t\t\t\t<\/div>\n\t\t<div class=\"elementor-element elementor-element-b21d8e6 e-con-full e-flex e-con e-child\" data-id=\"b21d8e6\" data-element_type=\"container\" data-e-type=\"container\">\n\t\t\t\t<div class=\"elementor-element elementor-element-1a06e09 elementor-widget elementor-widget-text-editor\" data-id=\"1a06e09\" data-element_type=\"widget\" data-e-type=\"widget\" data-widget_type=\"text-editor.default\">\n\t\t\t\t<div class=\"elementor-widget-container\">\n\t\t\t\t\t\t\t\t\t<strong>My Lux Ride<\/strong>\nVertreten durch Mehmet G\u00f6ktas\n\n<strong>Kontakt\n<\/strong>Telefon: +49 (0)176.2383.2534\nE-Mail: kontakt@myluxride.de\nCharles-de-Gaulle-Str. 13\n80634 M\u00fcnchen\n\n<strong data-start=\"548\" data-end=\"568\">Umsatzsteuer-ID:<\/strong><br data-start=\"568\" data-end=\"571\" \/>Umsatzsteuer-Identifikationsnummer gem\u00e4\u00df \u00a7 27 a Umsatzsteuergesetz: [USt-ID]\n\n<strong data-start=\"747\" data-end=\"781\">Berufshaftpflichtversicherung:<\/strong><br data-start=\"781\" data-end=\"784\" \/>Name der Versicherung: [Versicherung]<br data-start=\"821\" data-end=\"824\" \/>Geltungsbereich: [z.\u202fB. Deutschland, EU]\n\n<strong data-start=\"866\" data-end=\"922\">Verantwortlich f\u00fcr den Inhalt nach \u00a7 55 Abs. 2 RStV:<\/strong><br data-start=\"922\" data-end=\"925\" \/>Mehmet G\u00f6ktas<br data-start=\"943\" data-end=\"946\" \/>Charles-de-Gaulle-Str. 13\n80634 M\u00fcnchen\n<p data-start=\"683\" data-end=\"817\"><strong data-start=\"683\" data-end=\"742\">Plattform der EU-Kommission zur Online-Streitbeilegung:<\/strong><br data-start=\"742\" data-end=\"745\" \/><a class=\"\" href=\"https:\/\/ec.europa.eu\/consumers\/odr\" target=\"_new\" rel=\"noopener\" data-start=\"745\" data-end=\"817\">https:\/\/ec.europa.eu\/consumers\/odr<\/a><\/p>\n<p data-start=\"819\" data-end=\"942\">Wir sind nicht bereit oder verpflichtet, an Streitbeilegungsverfahren\nvor einer Verbraucherschlichtungsstelle teilzunehmen.<\/p>\t\t\t\t\t\t\t\t<\/div>\n\t\t\t\t<\/div>\n\t\t\t\t<\/div>\n\t\t\t\t\t<\/div>\n\t\t\t\t<\/div>\n\t\t\t\t<\/div>\n\t\t","protected":false},"excerpt":{"rendered":"<p>IMPRESSUM Impressum Angaben gem\u00e4\u00df \u00a7 5 TMG My Lux Ride Vertreten durch Mehmet G\u00f6ktas Kontakt Telefon: +49 (0)176.2383.2534 E-Mail: kontakt@myluxride.de Charles-de-Gaulle-Str. 13 80634 M\u00fcnchen Umsatzsteuer-ID:Umsatzsteuer-Identifikationsnummer gem\u00e4\u00df \u00a7 27 a Umsatzsteuergesetz: [USt-ID] Berufshaftpflichtversicherung:Name der Versicherung: [Versicherung]Geltungsbereich: [z.\u202fB. Deutschland, EU] Verantwortlich f\u00fcr den Inhalt nach \u00a7 55 Abs. 2 RStV:Mehmet G\u00f6ktasCharles-de-Gaulle-Str. 13 80634 M\u00fcnchen Plattform der EU-Kommission [&hellip;]<\/p>\n","protected":false},"author":1,"featured_media":0,"parent":0,"menu_order":0,"comment_status":"closed","ping_status":"closed","template":"","meta":{"site-sidebar-layout":"no-sidebar","site-content-layout":"page-builder","ast-site-content-layout":"full-width-container","site-content-style":"default","site-sidebar-style":"default","ast-global-header-display":"","ast-banner-title-visibility":"","ast-main-header-display":"","ast-hfb-above-header-display":"","ast-hfb-below-header-display":"","ast-hfb-mobile-header-display":"","site-post-title":"","ast-breadcrumbs-content":"","ast-featured-img":"disabled","footer-sml-layout":"","ast-disable-related-posts":"","theme-transparent-header-meta":"","adv-header-id-meta":"","stick-header-meta":"","header-above-stick-meta":"","header-main-stick-meta":"","header-below-stick-meta":"","astra-migrate-meta-layouts":"default","ast-page-background-enabled":"default","ast-page-background-meta":{"desktop":{"background-color":"","background-image":"","background-repeat":"repeat","background-position":"center center","background-size":"auto","background-attachment":"scroll","background-type":"","background-media":"","overlay-type":"","overlay-color":"","overlay-opacity":"","overlay-gradient":""},"tablet":{"background-color":"","background-image":"","background-repeat":"repeat","background-position":"center center","background-size":"auto","background-attachment":"scroll","background-type":"","background-media":"","overlay-type":"","overlay-color":"","overlay-opacity":"","overlay-gradient":""},"mobile":{"background-color":"","background-image":"","background-repeat":"repeat","background-position":"center center","background-size":"auto","background-attachment":"scroll","background-type":"","background-media":"","overlay-type":"","overlay-color":"","overlay-opacity":"","overlay-gradient":""}},"ast-content-background-meta":{"desktop":{"background-color":"var(--ast-global-color-5)","background-image":"","background-repeat":"repeat","background-position":"center center","background-size":"auto","background-attachment":"scroll","background-type":"","background-media":"","overlay-type":"","overlay-color":"","overlay-opacity":"","overlay-gradient":""},"tablet":{"background-color":"var(--ast-global-color-5)","background-image":"","background-repeat":"repeat","background-position":"center center","background-size":"auto","background-attachment":"scroll","background-type":"","background-media":"","overlay-type":"","overlay-color":"","overlay-opacity":"","overlay-gradient":""},"mobile":{"background-color":"var(--ast-global-color-5)","background-image":"","background-repeat":"repeat","background-position":"center center","background-size":"auto","background-attachment":"scroll","background-type":"","background-media":"","overlay-type":"","overlay-color":"","overlay-opacity":"","overlay-gradient":""}},"footnotes":""},"class_list":["post-1437","page","type-page","status-publish","hentry"],"yoast_head":"<!-- This site is optimized with the Yoast SEO plugin v27.3 - https:\/\/yoast.com\/product\/yoast-seo-wordpress\/ -->\n<title>Impressum - My Lux Ride<\/title>\n<meta name=\"robots\" content=\"index, follow, max-snippet:-1, max-image-preview:large, max-video-preview:-1\" \/>\n<link rel=\"canonical\" href=\"https:\/\/myluxride.de\/en\/impressum\/\" \/>\n<meta property=\"og:locale\" content=\"en_US\" \/>\n<meta property=\"og:type\" content=\"article\" \/>\n<meta property=\"og:title\" content=\"Impressum - My Lux Ride\" \/>\n<meta property=\"og:description\" content=\"IMPRESSUM Impressum Angaben gem\u00e4\u00df \u00a7 5 TMG My Lux Ride Vertreten durch Mehmet G\u00f6ktas Kontakt Telefon: +49 (0)176.2383.2534 E-Mail: kontakt@myluxride.de Charles-de-Gaulle-Str. 13 80634 M\u00fcnchen Umsatzsteuer-ID:Umsatzsteuer-Identifikationsnummer gem\u00e4\u00df \u00a7 27 a Umsatzsteuergesetz: [USt-ID] Berufshaftpflichtversicherung:Name der Versicherung: [Versicherung]Geltungsbereich: [z.\u202fB. Deutschland, EU] Verantwortlich f\u00fcr den Inhalt nach \u00a7 55 Abs. 2 RStV:Mehmet G\u00f6ktasCharles-de-Gaulle-Str. 13 80634 M\u00fcnchen Plattform der EU-Kommission [&hellip;]\" \/>\n<meta property=\"og:url\" content=\"https:\/\/myluxride.de\/en\/impressum\/\" \/>\n<meta property=\"og:site_name\" content=\"My Lux Ride\" \/>\n<meta property=\"article:modified_time\" content=\"2026-02-23T10:47:17+00:00\" \/>\n<meta property=\"og:image\" content=\"https:\/\/myluxride.de\/wp-content\/uploads\/2025\/06\/mehmet-bmw__dsc5125_web-1600px.jpg\" \/>\n\t<meta property=\"og:image:width\" content=\"1600\" \/>\n\t<meta property=\"og:image:height\" content=\"1067\" \/>\n\t<meta property=\"og:image:type\" content=\"image\/jpeg\" \/>\n<meta name=\"twitter:card\" content=\"summary_large_image\" \/>\n<script type=\"application\/ld+json\" class=\"yoast-schema-graph\">{\"@context\":\"https:\\\/\\\/schema.org\",\"@graph\":[{\"@type\":\"WebPage\",\"@id\":\"https:\\\/\\\/myluxride.de\\\/impressum\\\/\",\"url\":\"https:\\\/\\\/myluxride.de\\\/impressum\\\/\",\"name\":\"Impressum - My Lux Ride\",\"isPartOf\":{\"@id\":\"https:\\\/\\\/myluxride.de\\\/#website\"},\"datePublished\":\"2025-06-04T17:26:08+00:00\",\"dateModified\":\"2026-02-23T10:47:17+00:00\",\"breadcrumb\":{\"@id\":\"https:\\\/\\\/myluxride.de\\\/impressum\\\/#breadcrumb\"},\"inLanguage\":\"en-US\",\"potentialAction\":[{\"@type\":\"ReadAction\",\"target\":[\"https:\\\/\\\/myluxride.de\\\/impressum\\\/\"]}]},{\"@type\":\"BreadcrumbList\",\"@id\":\"https:\\\/\\\/myluxride.de\\\/impressum\\\/#breadcrumb\",\"itemListElement\":[{\"@type\":\"ListItem\",\"position\":1,\"name\":\"Startseite\",\"item\":\"https:\\\/\\\/myluxride.de\\\/\"},{\"@type\":\"ListItem\",\"position\":2,\"name\":\"Impressum\"}]},{\"@type\":\"WebSite\",\"@id\":\"https:\\\/\\\/myluxride.de\\\/#website\",\"url\":\"https:\\\/\\\/myluxride.de\\\/\",\"name\":\"My Lux Ride\",\"description\":\"Luxury Limousine Service\",\"publisher\":{\"@id\":\"https:\\\/\\\/myluxride.de\\\/#organization\"},\"alternateName\":\"Luxus Limousinen Service M\u00fcnchen\",\"potentialAction\":[{\"@type\":\"SearchAction\",\"target\":{\"@type\":\"EntryPoint\",\"urlTemplate\":\"https:\\\/\\\/myluxride.de\\\/?s={search_term_string}\"},\"query-input\":{\"@type\":\"PropertyValueSpecification\",\"valueRequired\":true,\"valueName\":\"search_term_string\"}}],\"inLanguage\":\"en-US\"},{\"@type\":\"Organization\",\"@id\":\"https:\\\/\\\/myluxride.de\\\/#organization\",\"name\":\"My Lux Ride Limousinen-Service\",\"alternateName\":\"MyLuxRide\",\"url\":\"https:\\\/\\\/myluxride.de\\\/\",\"logo\":{\"@type\":\"ImageObject\",\"inLanguage\":\"en-US\",\"@id\":\"https:\\\/\\\/myluxride.de\\\/#\\\/schema\\\/logo\\\/image\\\/\",\"url\":\"https:\\\/\\\/myluxride.de\\\/wp-content\\\/uploads\\\/2025\\\/05\\\/MLR-Logo_v8.png\",\"contentUrl\":\"https:\\\/\\\/myluxride.de\\\/wp-content\\\/uploads\\\/2025\\\/05\\\/MLR-Logo_v8.png\",\"width\":646,\"height\":183,\"caption\":\"My Lux Ride Limousinen-Service\"},\"image\":{\"@id\":\"https:\\\/\\\/myluxride.de\\\/#\\\/schema\\\/logo\\\/image\\\/\"},\"sameAs\":[\"https:\\\/\\\/www.instagram.com\\\/my_lux_ride\\\/\",\"https:\\\/\\\/www.linkedin.com\\\/in\\\/mehmet-g\u00f6ktas-4796a72b9\\\/\"]}]}<\/script>\n<!-- \/ Yoast SEO plugin. -->","yoast_head_json":{"title":"Impressum - My Lux Ride","robots":{"index":"index","follow":"follow","max-snippet":"max-snippet:-1","max-image-preview":"max-image-preview:large","max-video-preview":"max-video-preview:-1"},"canonical":"https:\/\/myluxride.de\/en\/impressum\/","og_locale":"en_US","og_type":"article","og_title":"Impressum - My Lux Ride","og_description":"IMPRESSUM Impressum Angaben gem\u00e4\u00df \u00a7 5 TMG My Lux Ride Vertreten durch Mehmet G\u00f6ktas Kontakt Telefon: +49 (0)176.2383.2534 E-Mail: kontakt@myluxride.de Charles-de-Gaulle-Str. 13 80634 M\u00fcnchen Umsatzsteuer-ID:Umsatzsteuer-Identifikationsnummer gem\u00e4\u00df \u00a7 27 a Umsatzsteuergesetz: [USt-ID] Berufshaftpflichtversicherung:Name der Versicherung: [Versicherung]Geltungsbereich: [z.\u202fB. Deutschland, EU] Verantwortlich f\u00fcr den Inhalt nach \u00a7 55 Abs. 2 RStV:Mehmet G\u00f6ktasCharles-de-Gaulle-Str. 13 80634 M\u00fcnchen Plattform der EU-Kommission [&hellip;]","og_url":"https:\/\/myluxride.de\/en\/impressum\/","og_site_name":"My Lux Ride","article_modified_time":"2026-02-23T10:47:17+00:00","og_image":[{"width":1600,"height":1067,"url":"https:\/\/myluxride.de\/wp-content\/uploads\/2025\/06\/mehmet-bmw__dsc5125_web-1600px.jpg","type":"image\/jpeg"}],"twitter_card":"summary_large_image","schema":{"@context":"https:\/\/schema.org","@graph":[{"@type":"WebPage","@id":"https:\/\/myluxride.de\/impressum\/","url":"https:\/\/myluxride.de\/impressum\/","name":"Impressum - My Lux Ride","isPartOf":{"@id":"https:\/\/myluxride.de\/#website"},"datePublished":"2025-06-04T17:26:08+00:00","dateModified":"2026-02-23T10:47:17+00:00","breadcrumb":{"@id":"https:\/\/myluxride.de\/impressum\/#breadcrumb"},"inLanguage":"en-US","potentialAction":[{"@type":"ReadAction","target":["https:\/\/myluxride.de\/impressum\/"]}]},{"@type":"BreadcrumbList","@id":"https:\/\/myluxride.de\/impressum\/#breadcrumb","itemListElement":[{"@type":"ListItem","position":1,"name":"Startseite","item":"https:\/\/myluxride.de\/"},{"@type":"ListItem","position":2,"name":"Impressum"}]},{"@type":"WebSite","@id":"https:\/\/myluxride.de\/#website","url":"https:\/\/myluxride.de\/","name":"My Lux Ride","description":"Luxury Limousine Service","publisher":{"@id":"https:\/\/myluxride.de\/#organization"},"alternateName":"Luxus Limousinen Service M\u00fcnchen","potentialAction":[{"@type":"SearchAction","target":{"@type":"EntryPoint","urlTemplate":"https:\/\/myluxride.de\/?s={search_term_string}"},"query-input":{"@type":"PropertyValueSpecification","valueRequired":true,"valueName":"search_term_string"}}],"inLanguage":"en-US"},{"@type":"Organization","@id":"https:\/\/myluxride.de\/#organization","name":"My Lux Ride Limousine Service","alternateName":"MyLuxRide","url":"https:\/\/myluxride.de\/","logo":{"@type":"ImageObject","inLanguage":"en-US","@id":"https:\/\/myluxride.de\/#\/schema\/logo\/image\/","url":"https:\/\/myluxride.de\/wp-content\/uploads\/2025\/05\/MLR-Logo_v8.png","contentUrl":"https:\/\/myluxride.de\/wp-content\/uploads\/2025\/05\/MLR-Logo_v8.png","width":646,"height":183,"caption":"My Lux Ride Limousinen-Service"},"image":{"@id":"https:\/\/myluxride.de\/#\/schema\/logo\/image\/"},"sameAs":["https:\/\/www.instagram.com\/my_lux_ride\/","https:\/\/www.linkedin.com\/in\/mehmet-g\u00f6ktas-4796a72b9\/"]}]}},"_links":{"self":[{"href":"https:\/\/myluxride.de\/en\/wp-json\/wp\/v2\/pages\/1437","targetHints":{"allow":["GET"]}}],"collection":[{"href":"https:\/\/myluxride.de\/en\/wp-json\/wp\/v2\/pages"}],"about":[{"href":"https:\/\/myluxride.de\/en\/wp-json\/wp\/v2\/types\/page"}],"author":[{"embeddable":true,"href":"https:\/\/myluxride.de\/en\/wp-json\/wp\/v2\/users\/1"}],"replies":[{"embeddable":true,"href":"https:\/\/myluxride.de\/en\/wp-json\/wp\/v2\/comments?post=1437"}],"version-history":[{"count":43,"href":"https:\/\/myluxride.de\/en\/wp-json\/wp\/v2\/pages\/1437\/revisions"}],"predecessor-version":[{"id":1842,"href":"https:\/\/myluxride.de\/en\/wp-json\/wp\/v2\/pages\/1437\/revisions\/1842"}],"wp:attachment":[{"href":"https:\/\/myluxride.de\/en\/wp-json\/wp\/v2\/media?parent=1437"}],"curies":[{"name":"wp","href":"https:\/\/api.w.org\/{rel}","templated":true}]}}